{"id":4261,"date":"2021-07-12T10:48:53","date_gmt":"2021-07-12T15:48:53","guid":{"rendered":"https:\/\/fundacionnuevohorizonte.edu.co\/?page_id=4261"},"modified":"2021-07-12T11:09:41","modified_gmt":"2021-07-12T16:09:41","slug":"politicas","status":"publish","type":"page","link":"https:\/\/fundacionnuevohorizonte.edu.co\/index.php\/politicas\/","title":{"rendered":"Politicas"},"content":{"rendered":"\t\t<div data-elementor-type=\"wp-page\" data-elementor-id=\"4261\" class=\"elementor elementor-4261\" data-elementor-settings=\"[]\">\n\t\t\t\t\t\t\t<div class=\"elementor-section-wrap\">\n\t\t\t\t\t\t\t<section class=\"elementor-section elementor-top-section elementor-element elementor-element-fd5e0c7 elementor-section-boxed elementor-section-height-default elementor-section-height-default\" data-id=\"fd5e0c7\" data-element_type=\"section\" data-settings=\"{&quot;background_background&quot;:&quot;classic&quot;}\">\n\t\t\t\t\t\t<div class=\"elementor-container elementor-column-gap-no\">\n\t\t\t\t\t<div class=\"elementor-column elementor-col-100 elementor-top-column elementor-element elementor-element-1ea8ce0\" data-id=\"1ea8ce0\" data-element_type=\"column\">\n\t\t\t<div class=\"elementor-widget-wrap elementor-element-populated\">\n\t\t\t\t\t\t\t\t<div class=\"elementor-element elementor-element-04341a0 elementor-widget elementor-widget-heading\" data-id=\"04341a0\" data-element_type=\"widget\" data-widget_type=\"heading.default\">\n\t\t\t\t<div class=\"elementor-widget-container\">\n\t\t\t<h1 class=\"elementor-heading-title elementor-size-default\">Autorizaci\u00f3n de Tratamiento de Datos Personales<\/h1>\t\t<\/div>\n\t\t\t\t<\/div>\n\t\t\t\t\t<\/div>\n\t\t<\/div>\n\t\t\t\t\t\t\t<\/div>\n\t\t<\/section>\n\t\t\t\t<section class=\"elementor-section elementor-top-section elementor-element elementor-element-e725419 elementor-section-boxed elementor-section-height-default elementor-section-height-default\" data-id=\"e725419\" data-element_type=\"section\">\n\t\t\t\t\t\t<div class=\"elementor-container elementor-column-gap-default\">\n\t\t\t\t\t<div class=\"elementor-column elementor-col-100 elementor-top-column elementor-element elementor-element-5d6f8e8\" data-id=\"5d6f8e8\" data-element_type=\"column\">\n\t\t\t<div class=\"elementor-widget-wrap elementor-element-populated\">\n\t\t\t\t\t\t\t\t<div class=\"elementor-element elementor-element-3305115 elementor-widget elementor-widget-text-editor\" data-id=\"3305115\" data-element_type=\"widget\" data-widget_type=\"text-editor.default\">\n\t\t\t\t<div class=\"elementor-widget-container\">\n\t\t\t\t\t\t\t<p>De conformidad con lo dispuesto en la Ley Estatutaria 1581 de 2012, los datos personales que se obtengan por parte del Titular de la informaci\u00f3n a trav\u00e9s de los v\u00ednculos contractuales entre la FUNDACION NUEVO HORIZONTE, identificada con el Nit. 830.503.027-9, y el Titular de la informaci\u00f3n, ser\u00e1n compilados, almacenados, consultados, compartidos, intercambiados, transmitidos, transferidos y objeto de tratamiento en bases de datos, las cuales estar\u00e1n destinados a las siguientes finalidades:<\/p>\t\t\t\t\t\t<\/div>\n\t\t\t\t<\/div>\n\t\t\t\t<div class=\"elementor-element elementor-element-4858d71 elementor-widget elementor-widget-text-editor\" data-id=\"4858d71\" data-element_type=\"widget\" data-widget_type=\"text-editor.default\">\n\t\t\t\t<div class=\"elementor-widget-container\">\n\t\t\t\t\t\t\t<p style=\"padding-left: 40px;\"><span style=\"color: #000000;\"><strong>I.<\/strong><\/span> Proveer sus servicios. <br \/><span style=\"color: #000000;\"><strong>II.<\/strong> <\/span>Informar sobre cambios de sus servicios. <br \/><span style=\"color: #000000;\"><strong>III.<\/strong> <\/span>Lograr una eficiente comunicaci\u00f3n relacionada con sus servicios, ofertas, alianzas, estudios, concursos, contenidos, as\u00ed como los de la fundaci\u00f3n, con el fin de facilitar el acceso general a la informaci\u00f3n de \u00e9stos. <br \/><strong><span style=\"color: #000000;\">IV.<\/span><\/strong> Evaluar la calidad de sus servicios. <br \/><strong><span style=\"color: #000000;\">V.<\/span><\/strong> Elaborar estudios estad\u00edsticos. <br \/><strong><span style=\"color: #000000;\">VI.<\/span> <\/strong>Enviar informaci\u00f3n sobre actividades desarrolladas por la fundaci\u00f3n o enviar informaci\u00f3n que se considere de inter\u00e9s a trav\u00e9s de diferentes medios. <br \/><strong><span style=\"color: #000000;\">VII.<\/span><\/strong> Dar cumplimiento a las obligaciones legales de informaci\u00f3n a los entes p\u00fablicos administrativos y de salud, as\u00ed como a las autoridades competentes que lo requieran. <br \/><strong><span style=\"color: #000000;\">VIII.<\/span><\/strong> Realizar la debida seguridad en todos los temas relacionados con la video vigilancia de la fundaci\u00f3n y de las c\u00e1maras con CCTV propiedad de FUNDACION NUEVO HORIZONTE.<br \/><strong><span style=\"color: #000000;\">IX.<\/span> <\/strong>Compartir con terceros que colaboran con la fundaci\u00f3n y que para el cumplimiento de sus funciones deban acceder en alguna medida a la informaci\u00f3n. <br \/><strong><span style=\"color: #000000;\">X.<\/span><\/strong> Soportar los procesos de auditor\u00eda de la fundaci\u00f3n <br \/><strong><span style=\"color: #000000;\">XI.<\/span><\/strong> Dar cumplimiento a las obligaciones contra\u00eddas con sus clientes, proveedores y empleados. <br \/><strong><span style=\"color: #000000;\">XII.<\/span><\/strong> Dar correcta ejecuci\u00f3n al objeto social de la fundaci\u00f3n<br \/><strong><span style=\"color: #000000;\">XIII.<\/span><\/strong> Cualquier otra finalidad de llegare a resultar en desarrollo del contrato o relaci\u00f3n comercial o laboral existente entre la fundaci\u00f3n y el Titular.<\/p>\t\t\t\t\t\t<\/div>\n\t\t\t\t<\/div>\n\t\t\t\t<div class=\"elementor-element elementor-element-024ed2d elementor-widget elementor-widget-text-editor\" data-id=\"024ed2d\" data-element_type=\"widget\" data-widget_type=\"text-editor.default\">\n\t\t\t\t<div class=\"elementor-widget-container\">\n\t\t\t\t\t\t\t<p>De conformidad con lo dispuesto en la Ley Estatutaria 1581 de 2012, los datos personales que obtenga FUNDACION NUEVO HORIZONTE, por parte del Asociado Titular de la Informaci\u00f3n, ser\u00e1n recogidos, almacenados y objeto de tratamiento en bases de datos hasta la terminaci\u00f3n del v\u00ednculo contractual entre el Asociado Titular de la Informaci\u00f3n y FUNDACION NUEVO HORIZONTE.<\/p><p>Estas bases de datos cuentan con las medidas de seguridad necesarias para la conservaci\u00f3n adecuada de los datos personales.<\/p>\t\t\t\t\t\t<\/div>\n\t\t\t\t<\/div>\n\t\t\t\t<div class=\"elementor-element elementor-element-82c7e0c elementor-align-right elementor-widget elementor-widget-button\" data-id=\"82c7e0c\" data-element_type=\"widget\" data-widget_type=\"button.default\">\n\t\t\t\t<div class=\"elementor-widget-container\">\n\t\t\t\t\t<div class=\"elementor-button-wrapper\">\n\t\t\t<a href=\"https:\/\/fundacionnuevohorizonte.edu.co\/wp-content\/uploads\/2021\/07\/Autorizacion_Tratamiento_Datos.pdf\" target=\"_blank\" class=\"elementor-button-link elementor-button elementor-size-sm\" role=\"button\">\n\t\t\t\t\t\t<span class=\"elementor-button-content-wrapper\">\n\t\t\t\t\t\t<span class=\"elementor-button-text\">Documento en PDF<\/span>\n\t\t<\/span>\n\t\t\t\t\t<\/a>\n\t\t<\/div>\n\t\t\t\t<\/div>\n\t\t\t\t<\/div>\n\t\t\t\t\t<\/div>\n\t\t<\/div>\n\t\t\t\t\t\t\t<\/div>\n\t\t<\/section>\n\t\t\t\t\t\t<\/div>\n\t\t\t\t\t<\/div>\n\t\t","protected":false},"excerpt":{"rendered":"<p>Courses Lorem ipsum dolor sit amet, consectetur adipiscing elit. Ut elit tellus, luctus nec ullamcorper mattis, pulvinar dapibus leo. Featured Courses What our Happy Student Say Mauris auctor sit consequat sed aenean purus egestas porta vel fermentum, nec nisi at eget non, nisi tincidunt tempus, etiam eget blandit tortor pulvinar est faucibus tristique blandit volutpat &hellip;<\/p>\n<p class=\"read-more\"> <a class=\"\" href=\"https:\/\/websitedemos.net\/online-coding-course-02\/all-courses\/\"> <span class=\"screen-reader-text\">All Courses<\/span> Read More &raquo;<\/a><\/p>\n","protected":false},"author":1,"featured_media":0,"parent":0,"menu_order":0,"comment_status":"closed","ping_status":"closed","template":"elementor_header_footer","meta":{"site-sidebar-layout":"no-sidebar","site-content-layout":"page-builder","ast-main-header-display":"","ast-hfb-above-header-display":"","ast-hfb-below-header-display":"","ast-hfb-mobile-header-display":"","site-post-title":"disabled","ast-breadcrumbs-content":"","ast-featured-img":"disabled","footer-sml-layout":"","theme-transparent-header-meta":"enabled","adv-header-id-meta":"","stick-header-meta":"","header-above-stick-meta":"","header-main-stick-meta":"","header-below-stick-meta":"","footnotes":""},"class_list":["post-4261","page","type-page","status-publish","hentry"],"_links":{"self":[{"href":"https:\/\/fundacionnuevohorizonte.edu.co\/index.php\/wp-json\/wp\/v2\/pages\/4261","targetHints":{"allow":["GET"]}}],"collection":[{"href":"https:\/\/fundacionnuevohorizonte.edu.co\/index.php\/wp-json\/wp\/v2\/pages"}],"about":[{"href":"https:\/\/fundacionnuevohorizonte.edu.co\/index.php\/wp-json\/wp\/v2\/types\/page"}],"author":[{"embeddable":true,"href":"https:\/\/fundacionnuevohorizonte.edu.co\/index.php\/wp-json\/wp\/v2\/users\/1"}],"replies":[{"embeddable":true,"href":"https:\/\/fundacionnuevohorizonte.edu.co\/index.php\/wp-json\/wp\/v2\/comments?post=4261"}],"version-history":[{"count":10,"href":"https:\/\/fundacionnuevohorizonte.edu.co\/index.php\/wp-json\/wp\/v2\/pages\/4261\/revisions"}],"predecessor-version":[{"id":4276,"href":"https:\/\/fundacionnuevohorizonte.edu.co\/index.php\/wp-json\/wp\/v2\/pages\/4261\/revisions\/4276"}],"wp:attachment":[{"href":"https:\/\/fundacionnuevohorizonte.edu.co\/index.php\/wp-json\/wp\/v2\/media?parent=4261"}],"curies":[{"name":"wp","href":"https:\/\/api.w.org\/{rel}","templated":true}]}}